{"id":37,"date":"2023-01-20T09:17:51","date_gmt":"2023-01-20T08:17:51","guid":{"rendered":"https:\/\/euromarexperts.com\/?page_id=37"},"modified":"2023-01-26T02:39:28","modified_gmt":"2023-01-26T01:39:28","slug":"candidats","status":"publish","type":"page","link":"https:\/\/www.euromarexperts.com\/en\/candidates\/","title":{"rendered":"candidats"},"content":{"rendered":"<div>\n<div>    <div class=\"candidats\">\r\n      <section class=\"candidats__header section-gap\">\r\n        <div class=\"container\">\r\n            <div class=\"row align-items-center justify-content-between\">\r\n              <div class=\"col-lg-5\">\r\n                <img decoding=\"async\" src=\"https:\/\/www.euromarexperts.com\/wp-content\/themes\/euromar-fr\/dist\/assets\/images\/candidats-recherche-emploi.jpg\" class=\"img-section img-fluid\" \/>              <\/div>\r\n              <div class=\"col-lg-6\">\r\n                <h1>Discover the career opportunities at Euromar Experts and apply now<\/h1>\r\n                <h2>We are continuously recruiting talent to meet the needs of our clients.<\/h2>\r\n                <hr>\r\n                <p>We believe that our success is based on the quality of our people, which is why we continually invest in the recruitment of new talent.<\/p>\r\n              <\/div>\r\n            <\/div>\r\n        <\/div>\r\n      <\/section>\r\n      <section class=\"candidats__benefits section-gap\">\r\n        <div class=\"container\">\r\n            <div class=\"section-title section-title--narrow\">\r\n              <h2>Why choose our recruitment agency for your job search<\/h2>\r\n            <\/div>\r\n            <div class=\"row\">\r\n\r\n              <div class=\"col-lg-4\">\r\n                <div class=\"box\">\r\n                  <img decoding=\"async\" src=\"https:\/\/www.euromarexperts.com\/wp-content\/themes\/euromar-fr\/dist\/assets\/images\/icons\/database-color.svg\" class=\"box__icon\" \/>                  <span class=\"box__text\">We have a large database of vacancies for all levels of experience and fields of activity.<\/span>\r\n                <\/div>\r\n              <\/div>\r\n              <div class=\"col-lg-4\">\r\n                <div class=\"box\">\r\n                    <img decoding=\"async\" src=\"https:\/\/www.euromarexperts.com\/wp-content\/themes\/euromar-fr\/dist\/assets\/images\/icons\/rocket.svg\"\r\n                            class=\"box__icon\" alt=\"Base de donnn\u00e9e candidats\" \/>\r\n                    <span class=\"box__text\">We help you find a job quickly with our efficient recruitment process.<\/span>\r\n                  <\/div>\r\n              <\/div>\r\n              <div class=\"col-lg-4\">\r\n                <div class=\"box\">\r\n                    <img decoding=\"async\" src=\"https:\/\/www.euromarexperts.com\/wp-content\/themes\/euromar-fr\/dist\/assets\/images\/icons\/conseils.svg\"\r\n                            class=\"box__icon\" alt=\"Base de donnn\u00e9e candidats\" \/>\r\n                    <span class=\"box__text\">We offer advice and personalized support to help you achieve your career goals.<\/span>\r\n                  <\/div>\r\n              <\/div>\r\n              <div class=\"col-lg-4\">\r\n                <div class=\"box\">\r\n                    <img decoding=\"async\" src=\"https:\/\/www.euromarexperts.com\/wp-content\/themes\/euromar-fr\/dist\/assets\/images\/icons\/postuler-en-ligne.svg\"\r\n                            class=\"box__icon\" alt=\"Base de donnn\u00e9e candidats\" \/>\r\n                    <span class=\"box__text\">Easy to apply online for your convenience, without traveling or wasting time.<\/span>\r\n                  <\/div>\r\n              <\/div>\r\n              <div class=\"col-lg-4\">\r\n                <div class=\"box\">\r\n                    <img decoding=\"async\" src=\"https:\/\/www.euromarexperts.com\/wp-content\/themes\/euromar-fr\/dist\/assets\/images\/icons\/communication.svg\"\r\n                            class=\"box__icon\" alt=\"Base de donnn\u00e9e candidats\" \/>\r\n                    <span class=\"box__text\">Facilit\u00e9 de postuler en ligne pour votre commodit\u00e9, sans se d\u00e9placer ou perdre de temps.<\/span>\r\n                  <\/div>\r\n              <\/div>\r\n              <div class=\"col-lg-4\">\r\n                <div class=\"box\">\r\n                    <img decoding=\"async\" src=\"https:\/\/www.euromarexperts.com\/wp-content\/themes\/euromar-fr\/dist\/assets\/images\/icons\/emploi-partout.svg\"\r\n                            class=\"box__icon\" alt=\"Base de donnn\u00e9e candidats\" \/>\r\n                    <span class=\"box__text\">We offer both online and face-to-face jobs to suit your needs and preferences.<\/span>\r\n                  <\/div>\r\n              <\/div>\r\n            <\/div>\r\n\r\n                        <div class=\"candidats__button-wrap\">\r\n              <a href=\"https:\/\/www.euromarexperts.com\/en\/offres\" class=\"btn-custom btn-custom--primary\">voir toutes les offres<\/a>\r\n            <\/div>\r\n            \r\n        <\/div>\r\n      <\/section>\r\n      \r\n            \r\n    <\/div>\r\n    <\/div>\n<\/div>","protected":false},"excerpt":{"rendered":"","protected":false},"author":1,"featured_media":0,"parent":0,"menu_order":0,"comment_status":"closed","ping_status":"closed","template":"page-wide.php","meta":{"rank_math_lock_modified_date":false,"footnotes":""},"class_list":["post-37","page","type-page","status-publish","hentry"],"_links":{"self":[{"href":"https:\/\/www.euromarexperts.com\/en\/wp-json\/wp\/v2\/pages\/37"}],"collection":[{"href":"https:\/\/www.euromarexperts.com\/en\/wp-json\/wp\/v2\/pages"}],"about":[{"href":"https:\/\/www.euromarexperts.com\/en\/wp-json\/wp\/v2\/types\/page"}],"author":[{"embeddable":true,"href":"https:\/\/www.euromarexperts.com\/en\/wp-json\/wp\/v2\/users\/1"}],"replies":[{"embeddable":true,"href":"https:\/\/www.euromarexperts.com\/en\/wp-json\/wp\/v2\/comments?post=37"}],"version-history":[{"count":2,"href":"https:\/\/www.euromarexperts.com\/en\/wp-json\/wp\/v2\/pages\/37\/revisions"}],"predecessor-version":[{"id":57,"href":"https:\/\/www.euromarexperts.com\/en\/wp-json\/wp\/v2\/pages\/37\/revisions\/57"}],"wp:attachment":[{"href":"https:\/\/www.euromarexperts.com\/en\/wp-json\/wp\/v2\/media?parent=37"}],"curies":[{"name":"wp","href":"https:\/\/api.w.org\/{rel}","templated":true}]}}