{"id":39,"date":"2023-01-20T09:18:32","date_gmt":"2023-01-20T08:18:32","guid":{"rendered":"https:\/\/euromarexperts.com\/?page_id=39"},"modified":"2023-01-26T15:38:22","modified_gmt":"2023-01-26T14:38:22","slug":"contact","status":"publish","type":"page","link":"https:\/\/www.euromarexperts.com\/pl\/kontakt\/","title":{"rendered":"kontakt"},"content":{"rendered":"<div>\n<div>    <div class=\"contact\">\n      <section class=\"contact__header section-gap\">\n        <div class=\"container\">\n          <div class=\"row align-items-center justify-content-between\">\n            <div class=\"col-lg-5\">\n              <img decoding=\"async\" src=\"https:\/\/www.euromarexperts.com\/wp-content\/themes\/euromar-fr\/dist\/assets\/images\/nous-contacter.jpg\" class=\"img-section img-fluid\" \/>            <\/div>\n            <div class=\"col-lg-6\">\n              <h1>Nous contacter<\/h1>\n              <h2>Notre \u00e9quipe est \u00e0 votre disposition pour r\u00e9pondre \u00e0 vos demandes de recrutement et vous guider dans votre recherche.<\/h2>\n              <hr>\n              <p>Que vous soyez \u00e0 la recherche de talents pour votre entreprise ou que vous souhaitiez soumettre votre candidature spontan\u00e9e, n'h\u00e9sitez pas \u00e0 utiliser ce formulaire pour nous faire parvenir vos informations. Nous ferons en sorte de vous r\u00e9pondre dans les meilleurs d\u00e9lais.<\/p>\n            <\/div>\n          <\/div>\n        <\/div>\n      <\/section>\n      <section class=\"contact__action section-gap\">\n        <div class=\"container\">\n          <div class=\"row\">\n            <div class=\"col-lg-7\">\n              <div class=\"contact__form\">\n                <div class=\"forminator-ui forminator-custom-form forminator-custom-form-35 forminator-design--default  forminator_ajax\" data-forminator-render=\"0\" data-form=\"forminator-module-35\" data-uid=\"69ee353f96322\"><br\/><\/div><form\n\t\t\t\tid=\"forminator-module-35\"\n\t\t\t\tclass=\"forminator-ui forminator-custom-form forminator-custom-form-35 forminator-design--default  forminator_ajax\"\n\t\t\t\tmethod=\"post\"\n\t\t\t\tdata-forminator-render=\"0\"\n\t\t\t\tdata-form-id=\"35\"\n\t\t\t\t\n\t\t\t\tdata-design=\"default\"\n\t\t\t\t\n\t\t\t\t\n\t\t\t\t\n\t\t\t\tdata-grid=\"open\"\n\t\t\t\tenctype=\"multipart\/form-data\"\n\t\t\t\t\n\t\t\t\tstyle=\"display: none;\"\n\t\t\t\t\n\t\t\t\tdata-uid=\"69ee353f96322\" action=\"\"\n\t\t\t><div role=\"alert\" aria-live=\"polite\" class=\"forminator-response-message forminator-error\" aria-hidden=\"true\"><\/div><div class=\"forminator-row\"><div id=\"name-1\" class=\"forminator-field-name forminator-col forminator-col-6\"><div class=\"forminator-field\"><input type=\"text\" name=\"name-1\" value=\"\" placeholder=\"Imi\u0119\" id=\"forminator-field-name-1_69ee353f96322\" class=\"forminator-input forminator-name--field\" aria-required=\"true\" \/><\/div><\/div><div id=\"name-2\" class=\"forminator-field-name forminator-col forminator-col-6\"><div class=\"forminator-field\"><input type=\"text\" name=\"name-2\" value=\"\" placeholder=\"nazwisko\" id=\"forminator-field-name-2_69ee353f96322\" class=\"forminator-input forminator-name--field\" aria-required=\"true\" \/><\/div><\/div><\/div><div class=\"forminator-row\"><div id=\"email-1\" class=\"forminator-field-email forminator-col forminator-col-12\"><div class=\"forminator-field\"><input type=\"email\" name=\"email-1\" value=\"\" placeholder=\"Email\" id=\"forminator-field-email-1_69ee353f96322\" class=\"forminator-input forminator-email--field\" data-required=\"true\" aria-required=\"true\" \/><\/div><\/div><\/div><div class=\"forminator-row\"><div id=\"phone-1\" class=\"forminator-field-phone forminator-col forminator-col-12\"><div class=\"forminator-field\"><input type=\"text\" name=\"phone-1\" value=\"\" placeholder=\"Telefon\" id=\"forminator-field-phone-1_69ee353f96322\" class=\"forminator-input forminator-field--phone\" data-required=\"\" aria-required=\"false\" autocomplete=\"off\" \/><\/div><\/div><\/div><div class=\"forminator-row\"><div id=\"select-1\" class=\"forminator-field-select forminator-col forminator-col-12\"><div class=\"forminator-field\"><label for=\"forminator-form-35__field--select-1_69ee353f96322\" id=\"forminator-form-35__field--select-1_69ee353f96322-label\" class=\"forminator-label\">Kategoria <span class=\"forminator-required\">*<\/span><\/label><select  id=\"forminator-form-35__field--select-1_69ee353f96322\" class=\"forminator-select--field forminator-select2 forminator-select2-multiple\" data-required=\"1\" name=\"select-1\" data-default-value=\"\" data-placeholder=\"Choisissez une cat\u00e9gorie\" data-search=\"false\" data-search-placeholder=\"Choisissez une cat\u00e9gorie\" data-checkbox=\"false\" data-allow-clear=\"false\" aria-labelledby=\"forminator-form-35__field--select-1_69ee353f96322-label\"><option value=\"\"  >Wybierz kategori\u0119<\/option><option value=\"Recherche-de-candidats\"  data-calculation=\"0\">Wyszukiwanie kandydat\u00f3w<\/option><option value=\"one\"  data-calculation=\"0\">Niezam\u00f3wiony wniosek<\/option><option value=\"Renseignements-sur-les-offres-d&#039;emploi\"  data-calculation=\"0\">Informacje o wolnych miejscach pracy<\/option><option value=\"two\"  data-calculation=\"0\">Uwagi lub sugestie<\/option><option value=\"Autre\"  data-calculation=\"0\">Inne<\/option><\/select><\/div><\/div><\/div><div class=\"forminator-row\"><div id=\"text-1\" class=\"forminator-field-text forminator-col forminator-col-12\"><div class=\"forminator-field\"><label for=\"forminator-field-text-1_69ee353f96322\" id=\"forminator-field-text-1_69ee353f96322-label\" class=\"forminator-label\">Przedmiot<\/label><input type=\"text\" name=\"text-1\" value=\"\" placeholder=\"\" id=\"forminator-field-text-1_69ee353f96322\" class=\"forminator-input forminator-name--field\" data-required=\"\" \/><\/div><\/div><\/div><div class=\"forminator-row\"><div id=\"textarea-1\" class=\"forminator-field-textarea forminator-col forminator-col-12\"><div class=\"forminator-field\"><label for=\"forminator-field-textarea-1_69ee353f96322\" id=\"forminator-field-textarea-1_69ee353f96322-label\" class=\"forminator-label\">Wiadomo\u015b\u0107 <span class=\"forminator-required\">*<\/span><\/label><textarea name=\"textarea-1\" placeholder=\"\" id=\"forminator-field-textarea-1_69ee353f96322\" class=\"forminator-textarea\" rows=\"6\" style=\"min-height:140px;\" maxlength=\"180\" ><\/textarea><span id=\"forminator-field-textarea-1_69ee353f96322-description\" class=\"forminator-description\"><span data-limit=\"180\" data-type=\"characters\">0 \/ 180<\/span><\/span><\/div><\/div><\/div><div class=\"forminator-row\"><div id=\"upload-1\" class=\"forminator-field-upload forminator-col forminator-col-12\"><div class=\"forminator-field\"><div class=\"forminator-file-upload\" data-element=\"upload-1_69ee353f96322\" aria-describedby=\"forminator-field-upload-1_69ee353f96322-description\"><input type=\"file\" name=\"upload-1\" id=\"forminator-field-upload-1_69ee353f96322\" class=\"forminator-input-file\" accept=\".webp,.jpg,.jpeg,.jpe,.gif,.png,.doc,.pdf,.docx\"><button id=\"forminator-field-upload-1_69ee353f96322_button\" class=\"forminator-button forminator-button-upload\" data-id=\"forminator-field-upload-1_69ee353f96322\">Wybierz plik<\/button><span data-empty-text=\"Nie wybrano \u017cadnego pliku\">Nie wybrano \u017cadnego pliku<\/span><button class=\"forminator-button-delete\" style=\"display: none;\"><i class=\"forminator-icon-close\" aria-hidden=\"true\"><\/i><span class=\"forminator-screen-reader-only\">Usu\u0144 przes\u0142any plik<\/span><\/button><\/div><span id=\"forminator-field-upload-1_69ee353f96322-description\" class=\"forminator-description\">Formaty .doc \/ .docx \/ .odt \/ .pdf \/ .jpg \/ .png<\/span><\/div><\/div><\/div><div class=\"forminator-row forminator-hidden\"><input type=\"hidden\" id=\"hidden-1_69ee353f96322\" name=\"hidden-1\" value=\"216.73.216.228\" \/><\/div><input type=\"hidden\" name=\"referer_url\" value=\"\" \/><div class=\"forminator-row forminator-row-last\"><div class=\"forminator-col\"><div class=\"forminator-field\"><button class=\"forminator-button forminator-button-submit\">Wy\u015blij wiadomo\u015b\u0107<\/button><\/div><\/div><\/div><input type=\"hidden\" id=\"forminator_nonce\" name=\"forminator_nonce\" value=\"7c65868107\" \/><input type=\"hidden\" name=\"_wp_http_referer\" value=\"\/pl\/wp-json\/wp\/v2\/pages\/39\" \/><input type=\"hidden\" name=\"form_id\" value=\"35\"><input type=\"hidden\" name=\"page_id\" value=\"39\"><input type=\"hidden\" name=\"form_type\" value=\"default\"><input type=\"hidden\" name=\"current_url\" value=\"https:\/\/www.euromarexperts.com\/pl\/kontakt\/\"><input type=\"hidden\" name=\"render_id\" value=\"0\"><input type=\"hidden\" name=\"action\" value=\"forminator_submit_form_custom-forms\"><input type=\"hidden\" name=\"trp-form-language\" value=\"pl\"\/><\/form>              <\/div>\n            <\/div>\n            <div class=\"col-lg-4 offset-lg-1\">\n                    <div class=\"contact__contact-area\">\n                        <span class=\"contact__title\">Maroko<\/span>\n                        <div class=\"contact__contact-box d-flex align-items-center\">\n                            <img decoding=\"async\" src=\"https:\/\/www.euromarexperts.com\/wp-content\/themes\/euromar-fr\/dist\/assets\/images\/icons\/008-placeholder.svg\"\n                                class=\"contact__icon\" alt=\"addresse Maroc\" \/>\n                            <span>Al Irfan 1 RDC Imm 328<br> GH 33 Tanger 90090,<br>Maroko<\/span>\n                        <\/div>\n                        <div class=\"contact__contact-box d-flex align-items-center\">\n                            <img decoding=\"async\" src=\"https:\/\/www.euromarexperts.com\/wp-content\/themes\/euromar-fr\/dist\/assets\/images\/icons\/009-phone-call.svg\"\n                                class=\"contact__icon\" alt=\"t\u00e9l\u00e9phone Maroc\" \/>\n                            <span>+212 656 434 478<\/span>\n                        <\/div>\n                        <div class=\"contact__contact-box d-flex align-items-center\">\n                            <img decoding=\"async\" src=\"https:\/\/www.euromarexperts.com\/wp-content\/themes\/euromar-fr\/dist\/assets\/images\/icons\/007-letter.svg\"\n                                class=\"contact__icon\" alt=\"addresse email\" \/>\n                            <span>contact@euromarexperts.com<\/span>\n                        <\/div>\n\n                        <div class=\"contact__contact-box d-flex align-items-center\">\n                            <img decoding=\"async\" src=\"https:\/\/www.euromarexperts.com\/wp-content\/themes\/euromar-fr\/dist\/assets\/images\/icons\/010-alarm-clock.svg\"\n                                class=\"contact__icon\" alt=\"clock\" \/>\n                            <span>Du lundi au vendredi<br>09h00 \u00e0 16h00<\/span>\n                        <\/div>\n                    <\/div>\n                <\/div>\n          <\/div>\n        <\/div>\n      <\/section>\n    <\/div>\n    <\/div>\n<\/div>","protected":false},"excerpt":{"rendered":"","protected":false},"author":1,"featured_media":0,"parent":0,"menu_order":0,"comment_status":"closed","ping_status":"closed","template":"page-wide.php","meta":{"rank_math_lock_modified_date":false,"footnotes":""},"class_list":["post-39","page","type-page","status-publish","hentry"],"_links":{"self":[{"href":"https:\/\/www.euromarexperts.com\/pl\/wp-json\/wp\/v2\/pages\/39"}],"collection":[{"href":"https:\/\/www.euromarexperts.com\/pl\/wp-json\/wp\/v2\/pages"}],"about":[{"href":"https:\/\/www.euromarexperts.com\/pl\/wp-json\/wp\/v2\/types\/page"}],"author":[{"embeddable":true,"href":"https:\/\/www.euromarexperts.com\/pl\/wp-json\/wp\/v2\/users\/1"}],"replies":[{"embeddable":true,"href":"https:\/\/www.euromarexperts.com\/pl\/wp-json\/wp\/v2\/comments?post=39"}],"version-history":[{"count":3,"href":"https:\/\/www.euromarexperts.com\/pl\/wp-json\/wp\/v2\/pages\/39\/revisions"}],"predecessor-version":[{"id":66,"href":"https:\/\/www.euromarexperts.com\/pl\/wp-json\/wp\/v2\/pages\/39\/revisions\/66"}],"wp:attachment":[{"href":"https:\/\/www.euromarexperts.com\/pl\/wp-json\/wp\/v2\/media?parent=39"}],"curies":[{"name":"wp","href":"https:\/\/api.w.org\/{rel}","templated":true}]}}