{"id":68,"date":"2023-02-02T19:36:04","date_gmt":"2023-02-02T18:36:04","guid":{"rendered":"https:\/\/www.euromarexperts.com\/?page_id=68"},"modified":"2023-02-02T19:44:19","modified_gmt":"2023-02-02T18:44:19","slug":"recrutement-selection","status":"publish","type":"page","link":"https:\/\/www.euromarexperts.com\/pl\/recrutement-selection\/","title":{"rendered":"Rekrutacja i selekcja"},"content":{"rendered":"<div class=\"recrutement\">\n        <section class=\"bg-light section-gap\">\r\n    <div class=\"container\">\r\n        <div class=\"row align-items-center justify-content-between\">\r\n          <div class=\"col-lg-5\">\r\n            <img decoding=\"async\" src=\"https:\/\/www.euromarexperts.com\/wp-content\/themes\/euromar-fr\/dist\/assets\/images\/recrutement.jpg\" class=\"img-fluid img-section\" \/>          <\/div>\r\n          <div class=\"col-lg-6\">\r\n            <h1>Trouvez les meilleurs candidats gr\u00e2ce \u00e0 notre processus de recrutement sur mesure<\/h1>\r\n            \r\n            \r\n            <hr>\r\n            <p>Le recrutement et la s\u00e9lection de personnel qualifi\u00e9 sont des \u00e9l\u00e9ments cl\u00e9s du succ\u00e8s d'une entreprise. C'est pourquoi chez Euromar Experts, nous nous engageons \u00e0 offrir des services de qualit\u00e9 pour aider les entreprises \u00e0 trouver des candidats s\u00e9rieux pour leurs \u00e9quipes. Nous travaillons en \u00e9troite collaboration avec nos clients pour comprendre leurs besoins en mati\u00e8re de recrutement afin de s\u00e9lectionner les candidats les plus appropri\u00e9s.<\/p>\r\n          <\/div>\r\n        <\/div>\r\n    <\/div>\r\n  <\/section>\r\n        \n     <section class=\"section-gap\">\n      <div class=\"container\">\n        <div class=\"section-title section-title--narrow\">\n          <h2>Notre processus de s\u00e9lection rigoureux<\/h2>\n          <p>Chez Euromar Experts, Nous veillons \u00e0 ce que chaque candidat soit trait\u00e9 de mani\u00e8re \u00e9quitable et impartiale. Nous croyons en un processus de recrutement rigoureux et exhaustif pour s'assurer que nous s\u00e9lectionnons les bons candidats pour chaque poste.<\/p>\n        <\/div>\n        \n        <div class=\"row\">\n          <div class=\"col-lg-4\">\n            <div class=\"box box--radius bg-light\">\n              <img decoding=\"async\" src=\"https:\/\/www.euromarexperts.com\/wp-content\/themes\/euromar-fr\/dist\/assets\/images\/icons\/list-squares.svg\" class=\"box__icon\" \/>              <h3 class=\"box__title\">D\u00e9finition des besoins<\/h3>\n              <span>Nous commen\u00e7ons par d\u00e9terminer les comp\u00e9tences, les qualifications et les exp\u00e9riences n\u00e9cessaires pour le poste \u00e0 pourvoir.<\/span>\n            <\/div>\n          <\/div>\n\n          <div class=\"col-lg-4\">\n            <div class=\"box box--radius bg-light\">\n              <img decoding=\"async\" src=\"https:\/\/www.euromarexperts.com\/wp-content\/themes\/euromar-fr\/dist\/assets\/images\/icons\/announce.svg\" class=\"box__icon\" \/>              <h3 class=\"box__title\">Diffusion de l'offre d'emploi<\/h3>\n              <span>Nous publions l'offre d'emploi sur diff\u00e9rents canaux pour atteindre un large public de candidats.<\/span>\n            <\/div>\n          <\/div>\n\n          <div class=\"col-lg-4\">\n            <div class=\"box box--radius bg-light\">\n              <img decoding=\"async\" src=\"https:\/\/www.euromarexperts.com\/wp-content\/themes\/euromar-fr\/dist\/assets\/images\/icons\/choice.svg\" class=\"box__icon\" \/>              <h3 class=\"box__title\">Pr\u00e9-s\u00e9lection<\/h3>\n              <span>Nous examinons les CV des candidats pour s'assurer qu'ils r\u00e9pondent aux crit\u00e8res de l'offre d'emploi.<\/span>\n            <\/div>\n          <\/div>\n\n          <div class=\"col-lg-4\">\n            <div class=\"box box--radius bg-light\">\n              <img decoding=\"async\" src=\"https:\/\/www.euromarexperts.com\/wp-content\/themes\/euromar-fr\/dist\/assets\/images\/icons\/interview.svg\" class=\"box__icon\" \/>              <h3 class=\"box__title\">Entretiens de s\u00e9lection<\/h3>\n              <span>Nous invitons les candidats pr\u00e9-s\u00e9lectionn\u00e9s \u00e0 un entretien pour \u00e9valuer leurs comp\u00e9tences et leur ad\u00e9quation au poste.<\/span>\n            <\/div>\n          <\/div>\n\n          <div class=\"col-lg-4\">\n            <div class=\"box box--radius bg-light\">\n              <img decoding=\"async\" src=\"https:\/\/www.euromarexperts.com\/wp-content\/themes\/euromar-fr\/dist\/assets\/images\/icons\/eye.svg\" class=\"box__icon\" \/>              <h3 class=\"box__title\">\u00c9valuation des comp\u00e9tences<\/h3>\n              <span>Nous \u00e9valuons les comp\u00e9tences des candidats \u00e0 travers des tests pratiques, des simulations de travail ou des r\u00e9f\u00e9rences professionnelles.<\/span>\n            <\/div>\n          <\/div>\n\n          <div class=\"col-lg-4\">\n            <div class=\"box box--radius bg-light\">\n              <img decoding=\"async\" src=\"https:\/\/www.euromarexperts.com\/wp-content\/themes\/euromar-fr\/dist\/assets\/images\/icons\/winner.svg\" class=\"box__icon\" \/>              <h3 class=\"box__title\">Recommandation du candidat<\/h3>\n              <span>Nous recommandons le candidat le plus qualifi\u00e9 au client pour une embauche finale.<\/span>\n            <\/div>\n          <\/div>\n\n        <\/div>\n      <\/div>\n     <\/section>\n      \n    <\/div>","protected":false},"excerpt":{"rendered":"","protected":false},"author":1,"featured_media":0,"parent":0,"menu_order":0,"comment_status":"closed","ping_status":"closed","template":"page-wide.php","meta":{"rank_math_lock_modified_date":false,"footnotes":""},"class_list":["post-68","page","type-page","status-publish","hentry"],"_links":{"self":[{"href":"https:\/\/www.euromarexperts.com\/pl\/wp-json\/wp\/v2\/pages\/68"}],"collection":[{"href":"https:\/\/www.euromarexperts.com\/pl\/wp-json\/wp\/v2\/pages"}],"about":[{"href":"https:\/\/www.euromarexperts.com\/pl\/wp-json\/wp\/v2\/types\/page"}],"author":[{"embeddable":true,"href":"https:\/\/www.euromarexperts.com\/pl\/wp-json\/wp\/v2\/users\/1"}],"replies":[{"embeddable":true,"href":"https:\/\/www.euromarexperts.com\/pl\/wp-json\/wp\/v2\/comments?post=68"}],"version-history":[{"count":1,"href":"https:\/\/www.euromarexperts.com\/pl\/wp-json\/wp\/v2\/pages\/68\/revisions"}],"predecessor-version":[{"id":69,"href":"https:\/\/www.euromarexperts.com\/pl\/wp-json\/wp\/v2\/pages\/68\/revisions\/69"}],"wp:attachment":[{"href":"https:\/\/www.euromarexperts.com\/pl\/wp-json\/wp\/v2\/media?parent=68"}],"curies":[{"name":"wp","href":"https:\/\/api.w.org\/{rel}","templated":true}]}}