{"id":77,"date":"2023-02-06T22:41:18","date_gmt":"2023-02-06T21:41:18","guid":{"rendered":"https:\/\/www.euromarexperts.com\/?page_id=77"},"modified":"2023-02-06T22:41:18","modified_gmt":"2023-02-06T21:41:18","slug":"notre-histoire","status":"publish","type":"page","link":"https:\/\/www.euromarexperts.com\/pl\/notre-histoire\/","title":{"rendered":"Nasza historia"},"content":{"rendered":"<div class=\"histoire\">\n        <section class=\"bg-light section-gap\">\r\n    <div class=\"container\">\r\n        <div class=\"row align-items-center justify-content-between\">\r\n          <div class=\"col-lg-5\">\r\n            <img decoding=\"async\" src=\"https:\/\/www.euromarexperts.com\/wp-content\/themes\/euromar-fr\/dist\/assets\/images\/euromar-story.jpg\" class=\"img-fluid img-section\" \/>          <\/div>\r\n          <div class=\"col-lg-6\">\r\n            <h1>D\u00e9couvrez notre histoire de succ\u00e8s dans le recrutement<\/h1>\r\n            \r\n            \r\n            <hr>\r\n            <p>Nous avons d\u00e9fini notre identit\u00e9 en tant qu'agence de recrutement ax\u00e9e sur les valeurs et la transparence. Nous sommes fiers de partager avec nos clients et nos candidats une vision innovante du recrutement. Chez nous, vous d\u00e9couvrirez un environnement de travail collaboratif et un engagement en faveur de la satisfaction de toutes les parties concern\u00e9es. <\/p>\r\n          <\/div>\r\n        <\/div>\r\n    <\/div>\r\n  <\/section>\r\n        \n     <section class=\"section-gap\">\n      <div class=\"container\">\n        <div class=\"section-title section-title--narrow\">\n        <h2 class=\"h1\">Les valeurs que nous d\u00e9fondons<\/h2>\n          <p>Chez Euromar Experts, nous croyons en la force de l'expertise, de l'int\u00e9grit\u00e9 et de l'engagement envers nos clients et nos employ\u00e9s. Nous nous engageons \u00e0 fournir un service de qualit\u00e9 sup\u00e9rieure en recrutant les meilleurs talents disponibles et en les formant pour r\u00e9pondre aux besoins de nos clients.<\/p>\n          <p>Nous sommes fiers de notre r\u00e9putation d'int\u00e9grit\u00e9 et de transparence, et nous travaillons sans rel\u00e2che pour maintenir ces normes \u00e9lev\u00e9es. En fin de compte, nous faisons de chaque mission un succ\u00e8s pour nos clients, en utilisant notre expertise pour d\u00e9passer leurs attentes et en construisant des relations durables avec eux.<\/p>\n        <\/div>\n      <\/div>\n     <\/section>\n      \n    <\/div>","protected":false},"excerpt":{"rendered":"","protected":false},"author":1,"featured_media":0,"parent":0,"menu_order":0,"comment_status":"closed","ping_status":"closed","template":"page-wide.php","meta":{"rank_math_lock_modified_date":false,"footnotes":""},"class_list":["post-77","page","type-page","status-publish","hentry"],"_links":{"self":[{"href":"https:\/\/www.euromarexperts.com\/pl\/wp-json\/wp\/v2\/pages\/77"}],"collection":[{"href":"https:\/\/www.euromarexperts.com\/pl\/wp-json\/wp\/v2\/pages"}],"about":[{"href":"https:\/\/www.euromarexperts.com\/pl\/wp-json\/wp\/v2\/types\/page"}],"author":[{"embeddable":true,"href":"https:\/\/www.euromarexperts.com\/pl\/wp-json\/wp\/v2\/users\/1"}],"replies":[{"embeddable":true,"href":"https:\/\/www.euromarexperts.com\/pl\/wp-json\/wp\/v2\/comments?post=77"}],"version-history":[{"count":2,"href":"https:\/\/www.euromarexperts.com\/pl\/wp-json\/wp\/v2\/pages\/77\/revisions"}],"predecessor-version":[{"id":79,"href":"https:\/\/www.euromarexperts.com\/pl\/wp-json\/wp\/v2\/pages\/77\/revisions\/79"}],"wp:attachment":[{"href":"https:\/\/www.euromarexperts.com\/pl\/wp-json\/wp\/v2\/media?parent=77"}],"curies":[{"name":"wp","href":"https:\/\/api.w.org\/{rel}","templated":true}]}}