{"id":73,"date":"2023-02-03T21:32:47","date_gmt":"2023-02-03T20:32:47","guid":{"rendered":"https:\/\/www.euromarexperts.com\/?page_id=73"},"modified":"2023-02-03T21:32:47","modified_gmt":"2023-02-03T20:32:47","slug":"travail-temporaire","status":"publish","type":"page","link":"https:\/\/www.euromarexperts.com\/pt\/travail-temporaire\/","title":{"rendered":"Trabalho tempor\u00e1rio"},"content":{"rendered":"<div class=\"travail-temporaire\">\n        <section class=\"bg-light section-gap\">\r\n    <div class=\"container\">\r\n        <div class=\"row align-items-center justify-content-between\">\r\n          <div class=\"col-lg-5\">\r\n            <img decoding=\"async\" src=\"https:\/\/www.euromarexperts.com\/wp-content\/themes\/euromar-fr\/dist\/assets\/images\/travail-temporaire.jpg\" class=\"img-fluid img-section\" \/>          <\/div>\r\n          <div class=\"col-lg-6\">\r\n            <h1>Embauchez des candidats en travail temporaire avec un leader dans le secteur<\/h1>\r\n            \r\n            \r\n            <hr>\r\n            <p>Notre agence Euromar Experts est sp\u00e9cialis\u00e9e dans les missions temporaires pour les entreprises. Nous comprenons les besoins vari\u00e9s des employeurs et nous nous effor\u00e7ons de leur offrir des solutions adapt\u00e9es pour g\u00e9rer leurs pics de travail, remplacer un employ\u00e9 en cong\u00e9 ou ajouter un personnel suppl\u00e9mentaire.<\/p>\r\n          <\/div>\r\n        <\/div>\r\n    <\/div>\r\n  <\/section>\r\n        <section class=\"travail-temporaire__types section-gap\">\n        <div class=\"container\">\n          <div class=\"section-title section-title--narrow\">\n            <h2>Explorez les types de travail temporaire propos\u00e9es par notre agence de recrutement<\/h2>\n          <\/div>\n          <div class=\"row\">\n            <!-- Temporary Workds -->\n                          <div class=\"col-lg-6\">\n                <div class=\"box\">\n                  <h2 class=\"box__title\">Travail int\u00e9rimaire<\/h2>\n                  <hr>\n                  <p>Le travail int\u00e9rimaire est la solution id\u00e9ale pour les employeurs \u00e0 la recherche de personnel qualifi\u00e9 sur une base temporaire. Que ce soit pour remplacer un employ\u00e9 absent ou pour g\u00e9rer des surcharges de travail. Chez Euromar Experts, nous offrons une solution sur mesure pour les employeurs en qu\u00eate de flexibilit\u00e9 en mati\u00e8re de ressources humaines. En tant que prestataire de services de travail int\u00e9rimaire, nous disposons d'un vaste r\u00e9seau de candidats qualifi\u00e9s.<\/p>\n                <\/div>\n              <\/div>\n                          <div class=\"col-lg-6\">\n                <div class=\"box\">\n                  <h2 class=\"box__title\">Travail saisonnier<\/h2>\n                  <hr>\n                  <p>Pour faire face \u00e0 des besoins en fonctions des saisons, nous offrons un service de qualit\u00e9 pour les employeurs en qu\u00eate de personnel saisonnier qualifi\u00e9. Nos services comprennent le recrutement, la s\u00e9lection, l'embauche et la gestion de la main-d'\u0153uvre pour des secteurs vari\u00e9s tels que l'agriculture, les services de tourisme, la production, la logistique et bien d'autres. Laissez-nous vous montrer comment nous pouvons aider votre entreprise \u00e0 prosp\u00e9rer.<\/p>\n                <\/div>\n              <\/div>\n                          <div class=\"col-lg-6\">\n                <div class=\"box\">\n                  <h2 class=\"box__title\">Travail \u00e0 dur\u00e9e d\u00e9termin\u00e9e<\/h2>\n                  <hr>\n                  <p>Chez Euromar Experts, nous savons que pour votre entreprise, il est important d'avoir une main-d'\u0153uvre flexible et efficace. C'est pourquoi nous vous proposons des solutions pour le travail \u00e0 dur\u00e9e d\u00e9termin\u00e9e. Ce type de contrat est temporaire, avec un d\u00e9but et une fin pr\u00e9cise, permettant de couvrir vos besoins sp\u00e9cifiques ou p\u00e9riodes de surcharge sans l'engagement \u00e0 long terme d'un employ\u00e9 permanent.<\/p>\n                <\/div>\n              <\/div>\n                          <div class=\"col-lg-6\">\n                <div class=\"box\">\n                  <h2 class=\"box__title\">Travail \u00e0 temps partiel temporaire<\/h2>\n                  <hr>\n                  <p>Nous comprenons que vos besoins en personnel peuvent varier en fonction de la saison, des projets ou de l\u2019expansion de votre entreprise. C\u2019est pourquoi nous avons d\u00e9velopp\u00e9 un processus de recrutement efficace pour identifier rapidement les candidats qualifi\u00e9s pour les postes temporaires. Gr\u00e2ce \u00e0 notre r\u00e9seau de candidats, nous sommes en mesure de fournir des employ\u00e9s qualifi\u00e9s pour une vari\u00e9t\u00e9 de de sp\u00e9cialit\u00e9s.<\/p>\n                <\/div>\n              <\/div>\n                        <!-- End Temporary Workds -->\n          <\/div>\n          <div class=\"text-center\">\n            <a href=\"https:\/\/www.euromarexperts.com\/pt\/contact\" class=\"btn-custom btn-custom--primary\">Je veux embaucher des candidats<\/a>\n          <\/div>\n        <\/div>\n      <\/section>\n    <\/div>","protected":false},"excerpt":{"rendered":"","protected":false},"author":1,"featured_media":0,"parent":0,"menu_order":0,"comment_status":"closed","ping_status":"closed","template":"page-wide.php","meta":{"rank_math_lock_modified_date":false,"footnotes":""},"class_list":["post-73","page","type-page","status-publish","hentry"],"_links":{"self":[{"href":"https:\/\/www.euromarexperts.com\/pt\/wp-json\/wp\/v2\/pages\/73"}],"collection":[{"href":"https:\/\/www.euromarexperts.com\/pt\/wp-json\/wp\/v2\/pages"}],"about":[{"href":"https:\/\/www.euromarexperts.com\/pt\/wp-json\/wp\/v2\/types\/page"}],"author":[{"embeddable":true,"href":"https:\/\/www.euromarexperts.com\/pt\/wp-json\/wp\/v2\/users\/1"}],"replies":[{"embeddable":true,"href":"https:\/\/www.euromarexperts.com\/pt\/wp-json\/wp\/v2\/comments?post=73"}],"version-history":[{"count":2,"href":"https:\/\/www.euromarexperts.com\/pt\/wp-json\/wp\/v2\/pages\/73\/revisions"}],"predecessor-version":[{"id":75,"href":"https:\/\/www.euromarexperts.com\/pt\/wp-json\/wp\/v2\/pages\/73\/revisions\/75"}],"wp:attachment":[{"href":"https:\/\/www.euromarexperts.com\/pt\/wp-json\/wp\/v2\/media?parent=73"}],"curies":[{"name":"wp","href":"https:\/\/api.w.org\/{rel}","templated":true}]}}